{"id":875,"date":"2023-02-23T16:21:19","date_gmt":"2023-02-23T16:21:19","guid":{"rendered":"http:\/\/firstbroker.lv\/?page_id=875"},"modified":"2024-01-18T11:39:43","modified_gmt":"2024-01-18T11:39:43","slug":"yuridicheskaya-informatsiya","status":"publish","type":"page","link":"https:\/\/firstbroker.lv\/ru\/yuridicheskaya-informatsiya\/","title":{"rendered":"\u042e\u0440\u0438\u0434\u0438\u0447\u0435\u0441\u043a\u0430\u044f \u0438\u043d\u0444\u043e\u0440\u043c\u0430\u0446\u0438\u044f"},"content":{"rendered":"\t\t<div data-elementor-type=\"wp-page\" data-elementor-id=\"875\" class=\"elementor elementor-875 elementor-3\">\n\t\t\t\t\t\t<section class=\"elementor-section elementor-top-section elementor-element elementor-element-6faa6dfe elementor-section-boxed elementor-section-height-default elementor-section-height-default parallax_section_no qode_elementor_container_no\" data-id=\"6faa6dfe\" data-element_type=\"section\">\n\t\t\t\t\t\t<div class=\"elementor-container elementor-column-gap-default\">\n\t\t\t\t\t<div class=\"elementor-column elementor-col-100 elementor-top-column elementor-element elementor-element-69fe2c7d\" data-id=\"69fe2c7d\" data-element_type=\"column\">\n\t\t\t<div class=\"elementor-widget-wrap elementor-element-populated\">\n\t\t\t\t\t\t<div class=\"elementor-element elementor-element-700e15a elementor-widget elementor-widget-spacer\" data-id=\"700e15a\" data-element_type=\"widget\" data-widget_type=\"spacer.default\">\n\t\t\t\t<div class=\"elementor-widget-container\">\n\t\t\t<style>\/*! elementor - v3.21.0 - 08-05-2024 *\/\n.elementor-column .elementor-spacer-inner{height:var(--spacer-size)}.e-con{--container-widget-width:100%}.e-con-inner>.elementor-widget-spacer,.e-con>.elementor-widget-spacer{width:var(--container-widget-width,var(--spacer-size));--align-self:var(--container-widget-align-self,initial);--flex-shrink:0}.e-con-inner>.elementor-widget-spacer>.elementor-widget-container,.e-con>.elementor-widget-spacer>.elementor-widget-container{height:100%;width:100%}.e-con-inner>.elementor-widget-spacer>.elementor-widget-container>.elementor-spacer,.e-con>.elementor-widget-spacer>.elementor-widget-container>.elementor-spacer{height:100%}.e-con-inner>.elementor-widget-spacer>.elementor-widget-container>.elementor-spacer>.elementor-spacer-inner,.e-con>.elementor-widget-spacer>.elementor-widget-container>.elementor-spacer>.elementor-spacer-inner{height:var(--container-widget-height,var(--spacer-size))}.e-con-inner>.elementor-widget-spacer.elementor-widget-empty,.e-con>.elementor-widget-spacer.elementor-widget-empty{position:relative;min-height:22px;min-width:22px}.e-con-inner>.elementor-widget-spacer.elementor-widget-empty .elementor-widget-empty-icon,.e-con>.elementor-widget-spacer.elementor-widget-empty .elementor-widget-empty-icon{position:absolute;top:0;bottom:0;left:0;right:0;margin:auto;padding:0;width:22px;height:22px}<\/style>\t\t<div class=\"elementor-spacer\">\n\t\t\t<div class=\"elementor-spacer-inner\"><\/div>\n\t\t<\/div>\n\t\t\t\t<\/div>\n\t\t\t\t<\/div>\n\t\t\t\t<div class=\"elementor-element elementor-element-514301a8 elementor-widget elementor-widget-text-editor\" data-id=\"514301a8\" data-element_type=\"widget\" data-widget_type=\"text-editor.default\">\n\t\t\t\t<div class=\"elementor-widget-container\">\n\t\t\t<style>\/*! elementor - v3.21.0 - 08-05-2024 *\/\n.elementor-widget-text-editor.elementor-drop-cap-view-stacked .elementor-drop-cap{background-color:#69727d;color:#fff}.elementor-widget-text-editor.elementor-drop-cap-view-framed .elementor-drop-cap{color:#69727d;border:3px solid;background-color:transparent}.elementor-widget-text-editor:not(.elementor-drop-cap-view-default) .elementor-drop-cap{margin-top:8px}.elementor-widget-text-editor:not(.elementor-drop-cap-view-default) .elementor-drop-cap-letter{width:1em;height:1em}.elementor-widget-text-editor .elementor-drop-cap{float:left;text-align:center;line-height:1;font-size:50px}.elementor-widget-text-editor .elementor-drop-cap-letter{display:inline-block}<\/style>\t\t\t\t<p><span style=\"font-weight: 400;\">\u0415\u0441\u043b\u0438 \u0443 \u0412\u0430\u0441 \u0435\u0441\u0442\u044c \u043b\u044e\u0431\u044b\u0435 \u0436\u0430\u043b\u043e\u0431\u044b \u043f\u043e \u043a\u0430\u0447\u0435\u0441\u0442\u0432\u0443 \u0440\u0430\u0431\u043e\u0442\u044b \u043d\u0430\u0448\u0435\u0439 \u043a\u043e\u043c\u043f\u0430\u043d\u0438\u0438, \u043f\u043e\u0436\u0430\u043b\u0443\u0439\u0441\u0442\u0430, \u0441\u0432\u044f\u0436\u0438\u0442\u0435\u0441\u044c \u0441 \u043d\u0430\u043c\u0438 \u043f\u043e<\/span><\/p>\n<p><span style=\"font-weight: 400;\">\u044d-\u043c\u0430\u0439\u043b\u0443: <\/span><a href=\"mailto:info@firstbroker.lv\"><b>info@firstbroker.lv<\/b><\/a><span style=\"font-weight: 400;\"> \u0438\u043b\u0438<\/span> <span style=\"font-weight: 400;\">\u0442\u0435\u043b\u0435\u0444\u043e\u043d\u0443 <a href=\"tel:+37126907850\"><strong>+37126907850 <\/strong><\/a><\/span><span style=\"font-weight: 400;\">\u0438\u043b\u0438 \u0432 \u043d\u0430\u0448\u0435\u043c \u043e\u0444\u0438\u0441\u0435 \u043d\u0430 Gustava Zemgala gatve 74, Riga, <\/span>Latvija.<\/p>\n<p><span style=\"font-weight: 400;\">\u0420\u0430\u0441\u0441\u043c\u043e\u0442\u0440\u0435\u043d\u0438\u0435 \u0436\u0430\u043b\u043e\u0431 \u043f\u0440\u043e\u0438\u0441\u0445\u043e\u0434\u0438\u0442 \u0431\u0435\u0441\u043f\u043b\u0430\u0442\u043d\u043e \u0438 \u0436\u0430\u043b\u043e\u0431\u044b \u0431\u0443\u0434\u0443\u0442 \u0440\u0430\u0441\u0441\u043c\u043e\u0442\u0440\u0435\u043d\u044b \u0432 \u0442\u0435\u0447\u0435\u043d\u0438\u0438 20 \u0434\u043d\u0435\u0439.<\/span><\/p><p><span style=\"font-weight: 400;\"><br><\/span><\/p>\n<p><span style=\"font-weight: 400;\"><\/span><\/p>\n<p><span style=\"font-weight: 400;\">\u0421 \u0431\u043e\u043b\u0435\u0435 \u0434\u0435\u0442\u0430\u043b\u044c\u043d\u043e\u0439 \u0438\u043d\u0444\u043e\u0440\u043c\u0430\u0446\u0438\u0435\u0439 \u043e \u043f\u0440\u043e\u0446\u0435\u0434\u0443\u0440\u0435 \u0440\u0430\u0441\u0441\u043c\u043e\u0442\u0440\u0435\u043d\u0438\u044f \u0436\u0430\u043b\u043e\u0431 \u0432\u044b \u043c\u043e\u0436\u0435\u0442\u0435 \u043e\u0437\u043d\u0430\u043a\u043e\u043c\u0438\u0442\u0441\u044f \u0432 \u043f\u0434\u0444 \u0444\u0430\u0439\u043b\u0435 \u00ab<span style=\"text-decoration: underline;\"><a href=\"\/wp-content\/uploads\/2023\/09\/Kartiba_kada_tiek_izskatitas_klientu_sudzibas_PDF_LV.pdf\" target=\"_blank\" rel=\"noopener\">K\u0101rt\u012bba k\u0101d\u0101 tiek izskat\u012btas klientu s\u016bdz\u012bbas\u00bb<\/a>.<\/span><\/span><\/p>\n<p><span style=\"font-weight: 400;\">\u0414\u0435\u044f\u0442\u0435\u043b\u044c\u043d\u043e\u0441\u0442\u044c SIA FIRST BROKER \u0440\u0435\u0433\u0443\u043b\u0438\u0440\u0443\u0435\u0442\u0441\u044f \u0411\u0430\u043d\u043a\u043e\u043c \u041b\u0430\u0442\u0432\u0438\u0438.<\/span><\/p>\n<p><span style=\"font-weight: 400;\"><br><\/span><\/p>\n<p><\/p>\n<p><em><span style=\"font-weight: 400;\">\u0414\u0430\u043d\u043d\u044b\u0435 \u043a\u043e\u043c\u043f\u0430\u043d\u0438\u0438:<\/span><\/em><\/p>\n<p><strong>First Broker SIA<\/strong><\/p>\n<p><span style=\"font-weight: 400;\">\u0420\u0435\u0433.\u043d\u043e\u043c\u0435\u0440: <\/span><span style=\"font-weight: 400;\">40203434880<\/span><\/p>\n<p><span style=\"font-weight: 400;\">\u0420\u0430\u0441\u0447\u0435\u0442\u043d\u044b\u0439 \u0441\u0447\u0435\u0442: LV91 PARX <\/span><span style=\"font-weight: 400;\">0031 8932 8000 1<\/span><\/p>\n<p><span style=\"font-weight: 400;\">\u041f\u0440\u0435\u0434\u043e\u0441\u0442\u0430\u0432\u043b\u044f\u0435\u043c\u044b\u0435 \u0443\u0441\u043b\u0443\u0433\u0438: \u0431\u0440\u043e\u043a\u0435\u0440\u0441\u043a\u0438\u0435 \u0443\u0441\u043b\u0443\u0433\u0438 \u043f\u043e \u0441\u0442\u0440\u0430\u0445\u043e\u0432\u0430\u043d\u0438\u044e \u0442\u043e\u0440\u0433\u043e\u0432\u044b\u0445 \u043a\u0440\u0435\u0434\u0438\u0442\u043e\u0432.<\/span><\/p>\n<p><span style=\"font-weight: 400;\"><br><\/span><\/p>\n<p><\/p>\n<p><em><span style=\"font-weight: 400;\">\u0414\u0430\u043d\u043d\u044b\u0435 \u043a\u043e\u043c\u043f\u0430\u043d\u0438\u0438:<\/span><\/em><\/p>\n<p><strong>First Broker Services SIA<\/strong><\/p>\n<p><span style=\"font-weight: 400;\">\u0420\u0435\u0433.\u043d\u043e\u043c\u0435\u0440: 40203527752<\/span><\/p>\n<p><span style=\"font-weight: 400;\">\u0420\u0430\u0441\u0447\u0435\u0442\u043d\u044b\u0439 \u0441\u0447\u0435\u0442: LV38 PARX 0027 9357 7000 1<\/span><\/p>\n<p>\u041c\u044b \u043f\u043e\u043c\u043e\u0436\u0435\u043c \u0412\u0430\u043c \u0441: \u0443\u0441\u043b\u0443\u0433\u0430\u043c\u0438 \u043f\u043e \u0432\u0437\u044b\u0441\u043a\u0430\u043d\u0438\u044e \u0434\u043e\u043b\u0433\u043e\u0432 \u043f\u043e \u0432\u0441\u0435\u043c\u0443 \u043c\u0438\u0440\u0443,&nbsp;<\/p>\n<p>\u043a\u0440\u0435\u0434\u0438\u0442\u043d\u044b\u043c\u0438 \u043e\u0442\u0447\u0435\u0442\u0430\u043c\u0438, URBA 360, \u0441 \u0431\u0430\u0437\u0430\u043c\u0438 \u0434\u0430\u043d\u043d\u044b\u0445 \u043f\u043e \u043f\u043e\u0442\u0435\u043d\u0446\u0438\u0430\u043b\u044c\u043d\u043e \u043d\u0430\u0434\u0435\u0436\u043d\u044b\u043c \u043a\u043b\u0438\u0435\u043d\u0442\u0430\u043c,&nbsp;<\/p>\n<p>\u043c\u043e\u043d\u0438\u0442\u043e\u0440\u0438\u043d\u0433\u043e\u043c \u043a\u043e\u043c\u043f\u0430\u043d\u0438\u0439, \u043f\u043e\u043c\u043e\u0436\u0435\u043c \u0441 \u0431\u0435\u0437\u0440\u0435\u0433\u0440\u0435\u0441\u0441\u043d\u044b\u043c \u0444\u0430\u043a\u0442\u043e\u0440\u0438\u043d\u0433\u043e\u043c.<\/p>\n<p><br><\/p>\t\t\t\t\t\t<\/div>\n\t\t\t\t<\/div>\n\t\t\t\t<div class=\"elementor-element elementor-element-a41fac3 elementor-widget elementor-widget-spacer\" data-id=\"a41fac3\" data-element_type=\"widget\" data-widget_type=\"spacer.default\">\n\t\t\t\t<div class=\"elementor-widget-container\">\n\t\t\t\t\t<div class=\"elementor-spacer\">\n\t\t\t<div class=\"elementor-spacer-inner\"><\/div>\n\t\t<\/div>\n\t\t\t\t<\/div>\n\t\t\t\t<\/div>\n\t\t\t\t\t<\/div>\n\t\t<\/div>\n\t\t\t\t\t<\/div>\n\t\t<\/section>\n\t\t\t\t<\/div>\n\t\t","protected":false},"excerpt":{"rendered":"<p>\u0415\u0441\u043b\u0438 \u0443 \u0412\u0430\u0441 \u0435\u0441\u0442\u044c \u043b\u044e\u0431\u044b\u0435 \u0436\u0430\u043b\u043e\u0431\u044b \u043f\u043e \u043a\u0430\u0447\u0435\u0441\u0442\u0432\u0443 \u0440\u0430\u0431\u043e\u0442\u044b \u043d\u0430\u0448\u0435\u0439 \u043a\u043e\u043c\u043f\u0430\u043d\u0438\u0438, \u043f\u043e\u0436\u0430\u043b\u0443\u0439\u0441\u0442\u0430, \u0441\u0432\u044f\u0436\u0438\u0442\u0435\u0441\u044c \u0441 \u043d\u0430\u043c\u0438 \u043f\u043e \u044d-\u043c\u0430\u0439\u043b\u0443: info@firstbroker.lv \u0438\u043b\u0438 \u0442\u0435\u043b\u0435\u0444\u043e\u043d\u0443 +37126907850 \u0438\u043b\u0438 \u0432 \u043d\u0430\u0448\u0435\u043c \u043e\u0444\u0438\u0441\u0435 \u043d\u0430 Gustava Zemgala gatve 74, Riga, Latvija. \u0420\u0430\u0441\u0441\u043c\u043e\u0442\u0440\u0435\u043d\u0438\u0435 \u0436\u0430\u043b\u043e\u0431 \u043f\u0440\u043e\u0438\u0441\u0445\u043e\u0434\u0438\u0442 \u0431\u0435\u0441\u043f\u043b\u0430\u0442\u043d\u043e \u0438 \u0436\u0430\u043b\u043e\u0431\u044b \u0431\u0443\u0434\u0443\u0442 \u0440\u0430\u0441\u0441\u043c\u043e\u0442\u0440\u0435\u043d\u044b \u0432 \u0442\u0435\u0447\u0435\u043d\u0438\u0438 20 \u0434\u043d\u0435\u0439. \u0421&#8230;<\/p>\n","protected":false},"author":1,"featured_media":0,"parent":0,"menu_order":0,"comment_status":"closed","ping_status":"closed","template":"","meta":{"_themeisle_gutenberg_block_has_review":false,"footnotes":""},"class_list":["post-875","page","type-page","status-publish","hentry"],"yoast_head":"<!-- This site is optimized with the Yoast SEO plugin v24.1 - https:\/\/yoast.com\/wordpress\/plugins\/seo\/ -->\n<title>\u042e\u0440\u0438\u0434\u0438\u0447\u0435\u0441\u043a\u0430\u044f \u0438\u043d\u0444\u043e\u0440\u043c\u0430\u0446\u0438\u044f - Firstbroker<\/title>\n<meta name=\"robots\" content=\"index, follow, max-snippet:-1, max-image-preview:large, max-video-preview:-1\" \/>\n<link rel=\"canonical\" href=\"https:\/\/firstbroker.lv\/juridiska-informacija\/\" \/>\n<meta property=\"og:locale\" content=\"ru_RU\" \/>\n<meta property=\"og:type\" content=\"article\" \/>\n<meta property=\"og:title\" content=\"\u042e\u0440\u0438\u0434\u0438\u0447\u0435\u0441\u043a\u0430\u044f \u0438\u043d\u0444\u043e\u0440\u043c\u0430\u0446\u0438\u044f - Firstbroker\" \/>\n<meta property=\"og:description\" content=\"\u0415\u0441\u043b\u0438 \u0443 \u0412\u0430\u0441 \u0435\u0441\u0442\u044c \u043b\u044e\u0431\u044b\u0435 \u0436\u0430\u043b\u043e\u0431\u044b \u043f\u043e \u043a\u0430\u0447\u0435\u0441\u0442\u0432\u0443 \u0440\u0430\u0431\u043e\u0442\u044b \u043d\u0430\u0448\u0435\u0439 \u043a\u043e\u043c\u043f\u0430\u043d\u0438\u0438, \u043f\u043e\u0436\u0430\u043b\u0443\u0439\u0441\u0442\u0430, \u0441\u0432\u044f\u0436\u0438\u0442\u0435\u0441\u044c \u0441 \u043d\u0430\u043c\u0438 \u043f\u043e \u044d-\u043c\u0430\u0439\u043b\u0443: info@firstbroker.lv \u0438\u043b\u0438 \u0442\u0435\u043b\u0435\u0444\u043e\u043d\u0443 +37126907850 \u0438\u043b\u0438 \u0432 \u043d\u0430\u0448\u0435\u043c \u043e\u0444\u0438\u0441\u0435 \u043d\u0430 Gustava Zemgala gatve 74, Riga, Latvija. \u0420\u0430\u0441\u0441\u043c\u043e\u0442\u0440\u0435\u043d\u0438\u0435 \u0436\u0430\u043b\u043e\u0431 \u043f\u0440\u043e\u0438\u0441\u0445\u043e\u0434\u0438\u0442 \u0431\u0435\u0441\u043f\u043b\u0430\u0442\u043d\u043e \u0438 \u0436\u0430\u043b\u043e\u0431\u044b \u0431\u0443\u0434\u0443\u0442 \u0440\u0430\u0441\u0441\u043c\u043e\u0442\u0440\u0435\u043d\u044b \u0432 \u0442\u0435\u0447\u0435\u043d\u0438\u0438 20 \u0434\u043d\u0435\u0439. \u0421...\" \/>\n<meta property=\"og:url\" content=\"https:\/\/firstbroker.lv\/juridiska-informacija\/\" \/>\n<meta property=\"og:site_name\" content=\"Firstbroker\" \/>\n<meta property=\"article:modified_time\" content=\"2024-01-18T11:39:43+00:00\" \/>\n<meta property=\"og:image\" content=\"https:\/\/firstbroker.lv\/wp-content\/uploads\/2023\/09\/FB_-logo_web_-01-1.png\" \/>\n\t<meta property=\"og:image:width\" content=\"4142\" \/>\n\t<meta property=\"og:image:height\" content=\"782\" \/>\n\t<meta property=\"og:image:type\" content=\"image\/png\" \/>\n<meta name=\"twitter:card\" content=\"summary_large_image\" \/>\n<meta name=\"twitter:label1\" content=\"\u041f\u0440\u0438\u043c\u0435\u0440\u043d\u043e\u0435 \u0432\u0440\u0435\u043c\u044f \u0434\u043b\u044f \u0447\u0442\u0435\u043d\u0438\u044f\" \/>\n\t<meta name=\"twitter:data1\" content=\"1 \u043c\u0438\u043d\u0443\u0442\u0430\" \/>\n<script type=\"application\/ld+json\" class=\"yoast-schema-graph\">{\"@context\":\"https:\/\/schema.org\",\"@graph\":[{\"@type\":\"WebPage\",\"@id\":\"https:\/\/firstbroker.lv\/juridiska-informacija\/\",\"url\":\"https:\/\/firstbroker.lv\/juridiska-informacija\/\",\"name\":\"\u042e\u0440\u0438\u0434\u0438\u0447\u0435\u0441\u043a\u0430\u044f \u0438\u043d\u0444\u043e\u0440\u043c\u0430\u0446\u0438\u044f - Firstbroker\",\"isPartOf\":{\"@id\":\"https:\/\/firstbroker.lv\/#website\"},\"datePublished\":\"2023-02-23T16:21:19+00:00\",\"dateModified\":\"2024-01-18T11:39:43+00:00\",\"breadcrumb\":{\"@id\":\"https:\/\/firstbroker.lv\/juridiska-informacija\/#breadcrumb\"},\"inLanguage\":\"ru-RU\",\"potentialAction\":[{\"@type\":\"ReadAction\",\"target\":[\"https:\/\/firstbroker.lv\/juridiska-informacija\/\"]}]},{\"@type\":\"BreadcrumbList\",\"@id\":\"https:\/\/firstbroker.lv\/juridiska-informacija\/#breadcrumb\",\"itemListElement\":[{\"@type\":\"ListItem\",\"position\":1,\"name\":\"Home\",\"item\":\"https:\/\/firstbroker.lv\/\"},{\"@type\":\"ListItem\",\"position\":2,\"name\":\"\u042e\u0440\u0438\u0434\u0438\u0447\u0435\u0441\u043a\u0430\u044f \u0438\u043d\u0444\u043e\u0440\u043c\u0430\u0446\u0438\u044f\"}]},{\"@type\":\"WebSite\",\"@id\":\"https:\/\/firstbroker.lv\/#website\",\"url\":\"https:\/\/firstbroker.lv\/\",\"name\":\"Firstbroker\",\"description\":\"\u041f\u0420\u041e\u0424\u0415\u0421\u0421\u0418\u041e\u041d\u0410\u041b\u042c\u041d\u042b\u0415 \u0423\u0421\u041b\u0423\u0413\u0418 \u041f\u041e \u0421\u0422\u0420\u0410\u0425\u041e\u0412\u0410\u041d\u0418\u042e \u0424\u0418\u041d\u0410\u041d\u0421\u041e\u0412\u042b\u0425 \u0420\u0418\u0421\u041a\u041e\u0412 \u0418 \u0414\u0415\u0411\u0418\u0422\u041e\u0420\u0421\u041a\u041e\u0419 \u0417\u0410\u0414\u041e\u041b\u0416\u0415\u041d\u041d\u041e\u0421\u0422\u0418\",\"publisher\":{\"@id\":\"https:\/\/firstbroker.lv\/#organization\"},\"potentialAction\":[{\"@type\":\"SearchAction\",\"target\":{\"@type\":\"EntryPoint\",\"urlTemplate\":\"https:\/\/firstbroker.lv\/?s={search_term_string}\"},\"query-input\":{\"@type\":\"PropertyValueSpecification\",\"valueRequired\":true,\"valueName\":\"search_term_string\"}}],\"inLanguage\":\"ru-RU\"},{\"@type\":\"Organization\",\"@id\":\"https:\/\/firstbroker.lv\/#organization\",\"name\":\"Firstbroker\",\"url\":\"https:\/\/firstbroker.lv\/\",\"logo\":{\"@type\":\"ImageObject\",\"inLanguage\":\"ru-RU\",\"@id\":\"https:\/\/firstbroker.lv\/#\/schema\/logo\/image\/\",\"url\":\"https:\/\/firstbroker.lv\/wp-content\/uploads\/2023\/09\/FB_-logo_web_-01-1.png\",\"contentUrl\":\"https:\/\/firstbroker.lv\/wp-content\/uploads\/2023\/09\/FB_-logo_web_-01-1.png\",\"width\":4142,\"height\":782,\"caption\":\"Firstbroker\"},\"image\":{\"@id\":\"https:\/\/firstbroker.lv\/#\/schema\/logo\/image\/\"}}]}<\/script>\n<!-- \/ Yoast SEO plugin. -->","yoast_head_json":{"title":"\u042e\u0440\u0438\u0434\u0438\u0447\u0435\u0441\u043a\u0430\u044f \u0438\u043d\u0444\u043e\u0440\u043c\u0430\u0446\u0438\u044f - Firstbroker","robots":{"index":"index","follow":"follow","max-snippet":"max-snippet:-1","max-image-preview":"max-image-preview:large","max-video-preview":"max-video-preview:-1"},"canonical":"https:\/\/firstbroker.lv\/juridiska-informacija\/","og_locale":"ru_RU","og_type":"article","og_title":"\u042e\u0440\u0438\u0434\u0438\u0447\u0435\u0441\u043a\u0430\u044f \u0438\u043d\u0444\u043e\u0440\u043c\u0430\u0446\u0438\u044f - Firstbroker","og_description":"\u0415\u0441\u043b\u0438 \u0443 \u0412\u0430\u0441 \u0435\u0441\u0442\u044c \u043b\u044e\u0431\u044b\u0435 \u0436\u0430\u043b\u043e\u0431\u044b \u043f\u043e \u043a\u0430\u0447\u0435\u0441\u0442\u0432\u0443 \u0440\u0430\u0431\u043e\u0442\u044b \u043d\u0430\u0448\u0435\u0439 \u043a\u043e\u043c\u043f\u0430\u043d\u0438\u0438, \u043f\u043e\u0436\u0430\u043b\u0443\u0439\u0441\u0442\u0430, \u0441\u0432\u044f\u0436\u0438\u0442\u0435\u0441\u044c \u0441 \u043d\u0430\u043c\u0438 \u043f\u043e \u044d-\u043c\u0430\u0439\u043b\u0443: info@firstbroker.lv \u0438\u043b\u0438 \u0442\u0435\u043b\u0435\u0444\u043e\u043d\u0443 +37126907850 \u0438\u043b\u0438 \u0432 \u043d\u0430\u0448\u0435\u043c \u043e\u0444\u0438\u0441\u0435 \u043d\u0430 Gustava Zemgala gatve 74, Riga, Latvija. \u0420\u0430\u0441\u0441\u043c\u043e\u0442\u0440\u0435\u043d\u0438\u0435 \u0436\u0430\u043b\u043e\u0431 \u043f\u0440\u043e\u0438\u0441\u0445\u043e\u0434\u0438\u0442 \u0431\u0435\u0441\u043f\u043b\u0430\u0442\u043d\u043e \u0438 \u0436\u0430\u043b\u043e\u0431\u044b \u0431\u0443\u0434\u0443\u0442 \u0440\u0430\u0441\u0441\u043c\u043e\u0442\u0440\u0435\u043d\u044b \u0432 \u0442\u0435\u0447\u0435\u043d\u0438\u0438 20 \u0434\u043d\u0435\u0439. \u0421...","og_url":"https:\/\/firstbroker.lv\/juridiska-informacija\/","og_site_name":"Firstbroker","article_modified_time":"2024-01-18T11:39:43+00:00","og_image":[{"width":4142,"height":782,"url":"https:\/\/firstbroker.lv\/wp-content\/uploads\/2023\/09\/FB_-logo_web_-01-1.png","type":"image\/png"}],"twitter_card":"summary_large_image","twitter_misc":{"\u041f\u0440\u0438\u043c\u0435\u0440\u043d\u043e\u0435 \u0432\u0440\u0435\u043c\u044f \u0434\u043b\u044f \u0447\u0442\u0435\u043d\u0438\u044f":"1 \u043c\u0438\u043d\u0443\u0442\u0430"},"schema":{"@context":"https:\/\/schema.org","@graph":[{"@type":"WebPage","@id":"https:\/\/firstbroker.lv\/juridiska-informacija\/","url":"https:\/\/firstbroker.lv\/juridiska-informacija\/","name":"\u042e\u0440\u0438\u0434\u0438\u0447\u0435\u0441\u043a\u0430\u044f \u0438\u043d\u0444\u043e\u0440\u043c\u0430\u0446\u0438\u044f - Firstbroker","isPartOf":{"@id":"https:\/\/firstbroker.lv\/#website"},"datePublished":"2023-02-23T16:21:19+00:00","dateModified":"2024-01-18T11:39:43+00:00","breadcrumb":{"@id":"https:\/\/firstbroker.lv\/juridiska-informacija\/#breadcrumb"},"inLanguage":"ru-RU","potentialAction":[{"@type":"ReadAction","target":["https:\/\/firstbroker.lv\/juridiska-informacija\/"]}]},{"@type":"BreadcrumbList","@id":"https:\/\/firstbroker.lv\/juridiska-informacija\/#breadcrumb","itemListElement":[{"@type":"ListItem","position":1,"name":"Home","item":"https:\/\/firstbroker.lv\/"},{"@type":"ListItem","position":2,"name":"\u042e\u0440\u0438\u0434\u0438\u0447\u0435\u0441\u043a\u0430\u044f \u0438\u043d\u0444\u043e\u0440\u043c\u0430\u0446\u0438\u044f"}]},{"@type":"WebSite","@id":"https:\/\/firstbroker.lv\/#website","url":"https:\/\/firstbroker.lv\/","name":"Firstbroker","description":"\u041f\u0420\u041e\u0424\u0415\u0421\u0421\u0418\u041e\u041d\u0410\u041b\u042c\u041d\u042b\u0415 \u0423\u0421\u041b\u0423\u0413\u0418 \u041f\u041e \u0421\u0422\u0420\u0410\u0425\u041e\u0412\u0410\u041d\u0418\u042e \u0424\u0418\u041d\u0410\u041d\u0421\u041e\u0412\u042b\u0425 \u0420\u0418\u0421\u041a\u041e\u0412 \u0418 \u0414\u0415\u0411\u0418\u0422\u041e\u0420\u0421\u041a\u041e\u0419 \u0417\u0410\u0414\u041e\u041b\u0416\u0415\u041d\u041d\u041e\u0421\u0422\u0418","publisher":{"@id":"https:\/\/firstbroker.lv\/#organization"},"potentialAction":[{"@type":"SearchAction","target":{"@type":"EntryPoint","urlTemplate":"https:\/\/firstbroker.lv\/?s={search_term_string}"},"query-input":{"@type":"PropertyValueSpecification","valueRequired":true,"valueName":"search_term_string"}}],"inLanguage":"ru-RU"},{"@type":"Organization","@id":"https:\/\/firstbroker.lv\/#organization","name":"Firstbroker","url":"https:\/\/firstbroker.lv\/","logo":{"@type":"ImageObject","inLanguage":"ru-RU","@id":"https:\/\/firstbroker.lv\/#\/schema\/logo\/image\/","url":"https:\/\/firstbroker.lv\/wp-content\/uploads\/2023\/09\/FB_-logo_web_-01-1.png","contentUrl":"https:\/\/firstbroker.lv\/wp-content\/uploads\/2023\/09\/FB_-logo_web_-01-1.png","width":4142,"height":782,"caption":"Firstbroker"},"image":{"@id":"https:\/\/firstbroker.lv\/#\/schema\/logo\/image\/"}}]}},"_links":{"self":[{"href":"https:\/\/firstbroker.lv\/ru\/wp-json\/wp\/v2\/pages\/875","targetHints":{"allow":["GET"]}}],"collection":[{"href":"https:\/\/firstbroker.lv\/ru\/wp-json\/wp\/v2\/pages"}],"about":[{"href":"https:\/\/firstbroker.lv\/ru\/wp-json\/wp\/v2\/types\/page"}],"author":[{"embeddable":true,"href":"https:\/\/firstbroker.lv\/ru\/wp-json\/wp\/v2\/users\/1"}],"replies":[{"embeddable":true,"href":"https:\/\/firstbroker.lv\/ru\/wp-json\/wp\/v2\/comments?post=875"}],"version-history":[{"count":55,"href":"https:\/\/firstbroker.lv\/ru\/wp-json\/wp\/v2\/pages\/875\/revisions"}],"predecessor-version":[{"id":3834,"href":"https:\/\/firstbroker.lv\/ru\/wp-json\/wp\/v2\/pages\/875\/revisions\/3834"}],"wp:attachment":[{"href":"https:\/\/firstbroker.lv\/ru\/wp-json\/wp\/v2\/media?parent=875"}],"curies":[{"name":"wp","href":"https:\/\/api.w.org\/{rel}","templated":true}]}}